{"id":113,"date":"2023-08-08T17:26:24","date_gmt":"2023-08-08T10:26:24","guid":{"rendered":"https:\/\/bj9.me\/?page_id=113"},"modified":"2026-04-07T01:31:44","modified_gmt":"2026-04-06T18:31:44","slug":"test","status":"publish","type":"page","link":"https:\/\/tranggamang.com\/","title":{"rendered":"BJ688 TRANG CASINO, \u0110\u00c1 G\u00c0, TH\u1ec2 THAO, X\u1ed4 S\u1ed0"},"content":{"rendered":"<div class=\"slider-wrapper relative\" id=\"slider-1455571428\" >\n    <div class=\"slider slider-nav-circle slider-nav-large slider-nav-light slider-style-normal\"\n        data-flickity-options='{\n            \"cellAlign\": \"center\",\n            \"imagesLoaded\": true,\n            \"lazyLoad\": 1,\n            \"freeScroll\": false,\n            \"wrapAround\": true,\n            \"autoPlay\": 6000,\n            \"pauseAutoPlayOnHover\" : true,\n            \"prevNextButtons\": true,\n            \"contain\" : true,\n            \"adaptiveHeight\" : true,\n            \"dragThreshold\" : 10,\n            \"percentPosition\": true,\n            \"pageDots\": true,\n            \"rightToLeft\": false,\n            \"draggable\": true,\n            \"selectedAttraction\": 0.1,\n            \"parallax\" : 0,\n            \"friction\": 0.6        }'\n        >\n        \n\t<div class=\"img has-hover x md-x lg-x y md-y lg-y\" id=\"image_487180960\">\n\t\t<a class=\"\" href=\"https:\/\/bj72.com\/af\/D7r1I05g\/DK72\" rel=\"noopener\">\t\t\t\t\t\t<div class=\"img-inner dark\" >\n\t\t\t<img loading=\"lazy\" decoding=\"async\" width=\"1920\" height=\"600\" src=\"https:\/\/tranggamang.com\/wp-content\/uploads\/2026\/04\/banner-2.png\" class=\"attachment-original size-original\" alt=\"\" srcset=\"https:\/\/tranggamang.com\/wp-content\/uploads\/2026\/04\/banner-2.png 1920w, https:\/\/tranggamang.com\/wp-content\/uploads\/2026\/04\/banner-2-300x94.png 300w, https:\/\/tranggamang.com\/wp-content\/uploads\/2026\/04\/banner-2-1024x320.png 1024w, https:\/\/tranggamang.com\/wp-content\/uploads\/2026\/04\/banner-2-768x240.png 768w, https:\/\/tranggamang.com\/wp-content\/uploads\/2026\/04\/banner-2-1536x480.png 1536w\" sizes=\"auto, (max-width: 1920px) 100vw, 1920px\" \/>\t\t\t\t\t\t\n\t\t\t\t\t<\/div>\n\t\t\t\t\t\t<\/a>\t\t\n<style>\n#image_487180960 {\n  width: 100%;\n}\n<\/style>\n\t<\/div>\n\t\n\t<div class=\"img has-hover x md-x lg-x y md-y lg-y\" id=\"image_131975083\">\n\t\t<a class=\"\" href=\"https:\/\/bj72.com\/af\/D7r1I05g\/DK72\" rel=\"noopener\">\t\t\t\t\t\t<div class=\"img-inner dark\" >\n\t\t\t<img loading=\"lazy\" decoding=\"async\" width=\"1920\" height=\"600\" src=\"https:\/\/tranggamang.com\/wp-content\/uploads\/2026\/04\/Bannerug88-1.png\" class=\"attachment-original size-original\" alt=\"\" srcset=\"https:\/\/tranggamang.com\/wp-content\/uploads\/2026\/04\/Bannerug88-1.png 1920w, https:\/\/tranggamang.com\/wp-content\/uploads\/2026\/04\/Bannerug88-1-300x94.png 300w, https:\/\/tranggamang.com\/wp-content\/uploads\/2026\/04\/Bannerug88-1-1024x320.png 1024w, https:\/\/tranggamang.com\/wp-content\/uploads\/2026\/04\/Bannerug88-1-768x240.png 768w, https:\/\/tranggamang.com\/wp-content\/uploads\/2026\/04\/Bannerug88-1-1536x480.png 1536w\" sizes=\"auto, (max-width: 1920px) 100vw, 1920px\" \/>\t\t\t\t\t\t\n\t\t\t\t\t<\/div>\n\t\t\t\t\t\t<\/a>\t\t\n<style>\n#image_131975083 {\n  width: 100%;\n}\n<\/style>\n\t<\/div>\n\t\n     <\/div>\n\n     <div class=\"loading-spin dark large centered\"><\/div>\n\n\t<\/div>\n\n\n\t<section class=\"section\" id=\"section_1921162351\">\n\t\t<div class=\"bg section-bg fill bg-fill  bg-loaded\" >\n\n\t\t\t\n\t\t\t\n\t\t\t\n\n\t\t<\/div>\n\n\t\t\n\n\t\t<div class=\"section-content relative\">\n\t\t\t\n<div class=\"row\"  id=\"row-948886955\">\n\n\t<div id=\"col-1680805\" class=\"col small-12 large-12\"  >\n\t\t\t\t<div class=\"col-inner\"  >\n\t\t\t\n\t\t\t\n\t<div id=\"text-1267585406\" class=\"text\">\n\t\t\n<h1>UG88 &#8211; Trang Ch\u1ee7 Nh\u00e0 C\u00e1i Uy T\u00edn H\u00e0ng \u0110\u1ea7u T\u1ea1i Vi\u1ec7t Nam<\/h1>\n\t\t\n<style>\n#text-1267585406 {\n  text-align: center;\n  color: #60e004;\n}\n#text-1267585406 > * {\n  color: #60e004;\n}\n<\/style>\n\t<\/div>\n\t\n\t\t<\/div>\n\t\t\t\t\t<\/div>\n\n\t\n<\/div>\n<div class=\"row\"  id=\"row-1635014732\">\n\n\t<div id=\"col-304476\" class=\"col medium-3 small-6 large-3\"  >\n\t\t\t\t<div class=\"col-inner\"  >\n\t\t\t\n\t\t\t\n\t<div class=\"img has-hover x md-x lg-x y md-y lg-y\" id=\"image_1291965533\">\n\t\t<a class=\"\" href=\"https:\/\/bj72.com\/af\/D7r1I05g\/DK72\" rel=\"noopener\">\t\t\t\t\t\t<div class=\"img-inner dark\" >\n\t\t\t<img loading=\"lazy\" decoding=\"async\" width=\"400\" height=\"400\" src=\"https:\/\/tranggamang.com\/wp-content\/uploads\/2026\/04\/thethao-2.png\" class=\"attachment-original size-original\" alt=\"\" srcset=\"https:\/\/tranggamang.com\/wp-content\/uploads\/2026\/04\/thethao-2.png 400w, https:\/\/tranggamang.com\/wp-content\/uploads\/2026\/04\/thethao-2-300x300.png 300w, https:\/\/tranggamang.com\/wp-content\/uploads\/2026\/04\/thethao-2-150x150.png 150w\" sizes=\"auto, (max-width: 400px) 100vw, 400px\" \/>\t\t\t\t\t\t\t<div class=\"overlay\" style=\"background-color: rgba(255, 255, 255, 0)\"><\/div>\n\t\t\t\t\t\t\n\t\t\t\t\t<\/div>\n\t\t\t\t\t\t<\/a>\t\t\n<style>\n#image_1291965533 {\n  width: 100%;\n}\n<\/style>\n\t<\/div>\n\t\n\t\t<\/div>\n\t\t\t\t\t<\/div>\n\n\t\n\n\t<div id=\"col-1143929647\" class=\"col medium-3 small-6 large-3\"  >\n\t\t\t\t<div class=\"col-inner\"  >\n\t\t\t\n\t\t\t\n\t<div class=\"img has-hover x md-x lg-x y md-y lg-y\" id=\"image_1200906468\">\n\t\t<a class=\"\" href=\"https:\/\/bj72.com\/af\/D7r1I05g\/DK72\" rel=\"noopener\">\t\t\t\t\t\t<div class=\"img-inner dark\" >\n\t\t\t<img loading=\"lazy\" decoding=\"async\" width=\"400\" height=\"400\" src=\"https:\/\/tranggamang.com\/wp-content\/uploads\/2026\/04\/dagda-2.png\" class=\"attachment-original size-original\" alt=\"\" srcset=\"https:\/\/tranggamang.com\/wp-content\/uploads\/2026\/04\/dagda-2.png 400w, https:\/\/tranggamang.com\/wp-content\/uploads\/2026\/04\/dagda-2-300x300.png 300w, https:\/\/tranggamang.com\/wp-content\/uploads\/2026\/04\/dagda-2-150x150.png 150w\" sizes=\"auto, (max-width: 400px) 100vw, 400px\" \/>\t\t\t\t\t\t\n\t\t\t\t\t<\/div>\n\t\t\t\t\t\t<\/a>\t\t\n<style>\n#image_1200906468 {\n  width: 100%;\n}\n<\/style>\n\t<\/div>\n\t\n\t\t<\/div>\n\t\t\t\t\t<\/div>\n\n\t\n\n\t<div id=\"col-578467296\" class=\"col medium-3 small-6 large-3\"  >\n\t\t\t\t<div class=\"col-inner\"  >\n\t\t\t\n\t\t\t\n\t<div class=\"img has-hover x md-x lg-x y md-y lg-y\" id=\"image_709884499\">\n\t\t<a class=\"\" href=\"https:\/\/bj72.com\/af\/D7r1I05g\/DK72\" rel=\"noopener\">\t\t\t\t\t\t<div class=\"img-inner image-overlay-add dark\" >\n\t\t\t<img loading=\"lazy\" decoding=\"async\" width=\"400\" height=\"400\" src=\"https:\/\/tranggamang.com\/wp-content\/uploads\/2026\/04\/casino-2.png\" class=\"attachment-original size-original\" alt=\"\" srcset=\"https:\/\/tranggamang.com\/wp-content\/uploads\/2026\/04\/casino-2.png 400w, https:\/\/tranggamang.com\/wp-content\/uploads\/2026\/04\/casino-2-300x300.png 300w, https:\/\/tranggamang.com\/wp-content\/uploads\/2026\/04\/casino-2-150x150.png 150w\" sizes=\"auto, (max-width: 400px) 100vw, 400px\" \/>\t\t\t\t\t\t\t<div class=\"overlay\" style=\"background-color: rgba(0, 0, 0, 0.326)\"><\/div>\n\t\t\t\t\t\t\n\t\t\t\t\t<\/div>\n\t\t\t\t\t\t<\/a>\t\t\n<style>\n#image_709884499 {\n  width: 100%;\n}\n<\/style>\n\t<\/div>\n\t\n\t\t<\/div>\n\t\t\t\t\t<\/div>\n\n\t\n\n\t<div id=\"col-841106368\" class=\"col medium-3 small-6 large-3\"  >\n\t\t\t\t<div class=\"col-inner\"  >\n\t\t\t\n\t\t\t\n\t<div class=\"img has-hover x md-x lg-x y md-y lg-y\" id=\"image_437875924\">\n\t\t<a class=\"\" href=\"https:\/\/bj72.com\/af\/D7r1I05g\/DK72\" rel=\"noopener\">\t\t\t\t\t\t<div class=\"img-inner image-overlay-add dark\" >\n\t\t\t<img loading=\"lazy\" decoding=\"async\" width=\"400\" height=\"400\" src=\"https:\/\/tranggamang.com\/wp-content\/uploads\/2026\/04\/nohu-2.png\" class=\"attachment-original size-original\" alt=\"\" srcset=\"https:\/\/tranggamang.com\/wp-content\/uploads\/2026\/04\/nohu-2.png 400w, https:\/\/tranggamang.com\/wp-content\/uploads\/2026\/04\/nohu-2-300x300.png 300w, https:\/\/tranggamang.com\/wp-content\/uploads\/2026\/04\/nohu-2-150x150.png 150w\" sizes=\"auto, (max-width: 400px) 100vw, 400px\" \/>\t\t\t\t\t\t\t<div class=\"overlay\" style=\"background-color: rgba(0, 0, 0, 0.326)\"><\/div>\n\t\t\t\t\t\t\n\t\t\t\t\t<\/div>\n\t\t\t\t\t\t<\/a>\t\t\n<style>\n#image_437875924 {\n  width: 100%;\n}\n<\/style>\n\t<\/div>\n\t\n\t\t<\/div>\n\t\t\t\t\t<\/div>\n\n\t\n<\/div>\n<div class=\"row\"  id=\"row-951089322\">\n\n\t<div id=\"col-1715681291\" class=\"col small-12 large-12\"  >\n\t\t\t\t<div class=\"col-inner\"  >\n\t\t\t\n\t\t\t\n\t<div id=\"text-1432839536\" class=\"text\">\n\t\t\n<p>UG88 \u0111\u01b0\u1ee3c bi\u1ebft \u0111\u1ebfn l\u00e0 m\u1ed9t trong nh\u1eefng n\u1ec1n t\u1ea3ng c\u00e1 c\u01b0\u1ee3c tr\u1ef1c tuy\u1ebfn \u0111\u00e1ng tin c\u1eady t\u1ea1i Ch\u00e2u \u00c1, thu h\u00fat l\u01b0\u1ee3ng l\u1edbn ng\u01b0\u1eddi ch\u01a1i tham gia m\u1ed7i ng\u00e0y. Nh\u00e0 c\u00e1i x\u00e2y d\u1ef1ng h\u1ec7 th\u1ed1ng gi\u1ea3i tr\u00ed phong ph\u00fa v\u1edbi c\u00e1c s\u1ea3n ph\u1ea9m n\u1ed5i b\u1eadt nh\u01b0 c\u00e1 c\u01b0\u1ee3c th\u1ec3 thao, casino live, slot game c\u00f4ng ngh\u1ec7 cao c\u00f9ng nhi\u1ec1u tr\u00f2 ch\u01a1i h\u1ea5p d\u1eabn kh\u00e1c.M\u1ecdi giao d\u1ecbch t\u1ea1i UG88 \u0111\u1ec1u \u0111\u01b0\u1ee3c b\u1ea3o v\u1ec7 b\u1eb1ng c\u00f4ng ngh\u1ec7 m\u00e3 h\u00f3a SSL hi\u1ec7n \u0111\u1ea1i, \u0111\u1ea3m b\u1ea3o t\u00ednh an to\u00e0n v\u00e0 minh b\u1ea1ch cho ng\u01b0\u1eddi d\u00f9ng. Giao di\u1ec7n website th\u00e2n thi\u1ec7n, t\u01b0\u01a1ng th\u00edch t\u1ed1t tr\u00ean c\u1ea3 PC v\u00e0 thi\u1ebft b\u1ecb di \u0111\u1ed9ng, mang \u0111\u1ebfn tr\u1ea3i nghi\u1ec7m \u1ed5n \u0111\u1ecbnh, m\u01b0\u1ee3t m\u00e0 m\u1ecdi l\u00fac. Ngo\u00e0i ra, UG88 th\u01b0\u1eddng xuy\u00ean c\u1eadp nh\u1eadt ch\u01b0\u01a1ng tr\u00ecnh khuy\u1ebfn m\u00e3i h\u1ea5p d\u1eabn, gi\u00fap ng\u01b0\u1eddi ch\u01a1i t\u1ed1i \u01b0u c\u01a1 h\u1ed9i sinh l\u1eddi khi tham gia.<\/p>\n\t\t\n<style>\n#text-1432839536 {\n  text-align: center;\n  color: #60e004;\n}\n#text-1432839536 > * {\n  color: #60e004;\n}\n<\/style>\n\t<\/div>\n\t\n\t\t<\/div>\n\t\t\t\t\t<\/div>\n\n\t\n<\/div>\n\t\t<\/div>\n\n\t\t\n<style>\n#section_1921162351 {\n  padding-top: 30px;\n  padding-bottom: 30px;\n  background-color: rgb(0, 46, 4);\n}\n<\/style>\n\t<\/section>\n\t\n","protected":false},"excerpt":{"rendered":"","protected":false},"author":2,"featured_media":219,"parent":0,"menu_order":0,"comment_status":"closed","ping_status":"closed","template":"page-blank.php","meta":{"footnotes":""},"class_list":["post-113","page","type-page","status-publish","has-post-thumbnail","hentry"],"_links":{"self":[{"href":"https:\/\/tranggamang.com\/index.php\/wp-json\/wp\/v2\/pages\/113","targetHints":{"allow":["GET"]}}],"collection":[{"href":"https:\/\/tranggamang.com\/index.php\/wp-json\/wp\/v2\/pages"}],"about":[{"href":"https:\/\/tranggamang.com\/index.php\/wp-json\/wp\/v2\/types\/page"}],"author":[{"embeddable":true,"href":"https:\/\/tranggamang.com\/index.php\/wp-json\/wp\/v2\/users\/2"}],"replies":[{"embeddable":true,"href":"https:\/\/tranggamang.com\/index.php\/wp-json\/wp\/v2\/comments?post=113"}],"version-history":[{"count":34,"href":"https:\/\/tranggamang.com\/index.php\/wp-json\/wp\/v2\/pages\/113\/revisions"}],"predecessor-version":[{"id":371,"href":"https:\/\/tranggamang.com\/index.php\/wp-json\/wp\/v2\/pages\/113\/revisions\/371"}],"wp:featuredmedia":[{"embeddable":true,"href":"https:\/\/tranggamang.com\/index.php\/wp-json\/wp\/v2\/media\/219"}],"wp:attachment":[{"href":"https:\/\/tranggamang.com\/index.php\/wp-json\/wp\/v2\/media?parent=113"}],"curies":[{"name":"wp","href":"https:\/\/api.w.org\/{rel}","templated":true}]}}